{"id":471,"date":"2019-04-04T13:33:24","date_gmt":"2019-04-04T13:33:24","guid":{"rendered":"http:\/\/www.test2.test\/?page_id=471"},"modified":"2019-11-03T14:10:48","modified_gmt":"2019-11-03T14:10:48","slug":"casas","status":"publish","type":"page","link":"https:\/\/www.aldeiaoliveiras.com\/es\/casas\/","title":{"rendered":"Casas"},"content":{"rendered":"<p>Se presenta una variedad de casas para darle un confortable alojamiento en OLIVEIRAS.<\/p>\n<p>Las casas han sido cuidadosamente restauradas, manteniendo, sin embargo, todas sus caracter\u00edsticas antiguas. Cada una tiene su peculiaridad, con decoraciones para todos los gustos.<\/p>\n<p>Estas casas son, sin duda, sin\u00f3nimo de belleza, tranquilidad y armon\u00eda para un contacto m\u00e1s directo con la naturaleza, lejos de la agitaci\u00f3n de las grandes ciudades.<\/p>\n<p>Hay tambi\u00e9n una piscina privada a disposici\u00f3n de todos los clientes.<\/p>\n<p>La estancia no incluye el desayuno, pero ponemos a su disposici\u00f3n algunos productos como un regalo de bienvenida. Tambi\u00e9n ofrecemos el aceite de oliva de OLIVEIRAS, \u00e1gua-p\u00e9, licor de madro\u00f1o de la zona y le\u00f1a en cantidad suficiente para el per\u00edodo de ocupaci\u00f3n.<\/p>\n<p>*En esta fase inicial del proyecto, s\u00f3lo se aceptan reservas a partir de 2 noches (incluido).<\/p>\n<p>*Tenga en cuenta que, normalmente, el per\u00edodo de check-in es despu\u00e9s de las 16:00 hasta las 23:00 y check-out tiene lugar hasta las 12:00.<\/p>\n<p>*No se permiten mascotas.<\/p>\n<p>*\u00a1DUERME 4 NOCHES Y PAGA 3! (v\u00e1lida de lunes a jueves, durante la temporada baja). <\/p>\n","protected":false},"excerpt":{"rendered":"<p>Se presenta una variedad de casas para darle un confortable alojamiento en OLIVEIRAS. Las casas han sido cuidadosamente restauradas, manteniendo, [&hellip;]<\/p>\n","protected":false},"author":1,"featured_media":0,"parent":0,"menu_order":0,"comment_status":"closed","ping_status":"closed","template":"","meta":{"_acf_changed":false,"footnotes":""},"class_list":["post-471","page","type-page","status-publish","hentry"],"acf":[],"_links":{"self":[{"href":"https:\/\/www.aldeiaoliveiras.com\/es\/wp-json\/wp\/v2\/pages\/471","targetHints":{"allow":["GET"]}}],"collection":[{"href":"https:\/\/www.aldeiaoliveiras.com\/es\/wp-json\/wp\/v2\/pages"}],"about":[{"href":"https:\/\/www.aldeiaoliveiras.com\/es\/wp-json\/wp\/v2\/types\/page"}],"author":[{"embeddable":true,"href":"https:\/\/www.aldeiaoliveiras.com\/es\/wp-json\/wp\/v2\/users\/1"}],"replies":[{"embeddable":true,"href":"https:\/\/www.aldeiaoliveiras.com\/es\/wp-json\/wp\/v2\/comments?post=471"}],"version-history":[{"count":1,"href":"https:\/\/www.aldeiaoliveiras.com\/es\/wp-json\/wp\/v2\/pages\/471\/revisions"}],"predecessor-version":[{"id":784,"href":"https:\/\/www.aldeiaoliveiras.com\/es\/wp-json\/wp\/v2\/pages\/471\/revisions\/784"}],"wp:attachment":[{"href":"https:\/\/www.aldeiaoliveiras.com\/es\/wp-json\/wp\/v2\/media?parent=471"}],"curies":[{"name":"wp","href":"https:\/\/api.w.org\/{rel}","templated":true}]}}