{"id":473,"date":"2019-04-04T13:33:33","date_gmt":"2019-04-04T13:33:33","guid":{"rendered":"http:\/\/www.test2.test\/?page_id=473"},"modified":"2020-07-30T16:15:58","modified_gmt":"2020-07-30T16:15:58","slug":"que-hacer","status":"publish","type":"page","link":"https:\/\/www.aldeiaoliveiras.com\/es\/que-hacer\/","title":{"rendered":"Que hacer"},"content":{"rendered":"<p><strong> El condado de Proen\u00e7a-a-Nova presenta un gran potencial en el turismo.   <\/strong><\/p>\n<p>El tan buscado turismo en el paisaje rural tiene aqu\u00ed, alta probabilidad de desarrollar pu\u00e9s la \u00e1rea incluye las condiciones ambientales de gr\u00e1n calidad, l\u00edneas de agua clara y fresca, el paisaje y una rica fauna.<br \/>\nLas principales l\u00edneas de agua son directa o indirecta de los r\u00edos afluentes Z\u00eazere y Ocreza.<\/p>\n<p> Existe, entonces, el r\u00edo y playas donde se puede disfrutar de las aguas de ba\u00f1o en una actividad sin consecuencias para la zona circundante.<\/p>\n<p>Hay muchas actividades que puede realizar en su estancia en OLIVEIRAS. Usted puede ir a pie o en bicicleta por caminos y senderos de ganado y pastores, adem\u00e1s, disfrutar de la playa fluvial de Fr\u00f3ia con sus aguas claras y cristalinas. Este pueblo es el lugar perfecto para recuperar energ\u00edas, descansar y respirar el aire vigorizante de la monta\u00f1a. <\/p>\n<p>&nbsp;<\/p>\n<p> <button class=\"expande\" class=\"expande\" data-toggle=\"collapse\" data-target=\"#demo\"> <\/p>\n<h2> \tR\u00edos  <\/h2>\n<p> <\/button><\/p>\n<div id=\"demo\" class=\"collapse\">\n<p class=\"style1 verde\"><strong>Fr\u00f3ia<\/strong><\/p>\n<p>La playa fluvial de Fr\u00f3ia se encuentra a unos 300 m del pueblo OLIVEIRAS, por lo que puede acceder a pie, lo que permite un agradable paseo por los alrededores del pueblo.<\/p>\n<p class=\"style1 verde\"><strong>Malhadal<\/strong><\/p>\n<p>Ubicado cerca de Oleiros.<\/p>\n<p class=\"style1 verde\"><strong>Aldeia Ruiva <\/strong><\/p>\n<p>Ubicado cerca de la Isna de S. Carlos.<\/p>\n<p>Otras playas en la regi\u00f3n de Alvito da Beira: la playa de Couca (Cerejeiras) y la playa de Alvito da Beira.<\/p>\n<\/div>\n<p> <button class=\"expande\" class=\"expande\" data-toggle=\"collapse\" data-target=\"#cavalos\"> <\/p>\n<h2> \tEquitaci\u00f3n  <\/h2>\n<p> <\/button><\/p>\n<div id=\"cavalos\" class=\"collapse\">\n<p>A pocos kil\u00f3metros del pueblo, en Fontainhas, es posible hacer hermosos paseos a caballo o incluso peque\u00f1os paseos en pony. Hay 4 caballos y 1 pony disponibles para el encanto de ni\u00f1os y adultos. Busque Portugal Adventures en Facebook.<\/p>\n<\/div>\n<p> <button class=\"expande\" data-toggle=\"collapse\" data-target=\"#demo2\"> <\/p>\n<h2>  Las actividades  <\/h2>\n<p> <\/button><\/p>\n<div id=\"demo2\" class=\"collapse\">\n<p><strong> Tours de caminata <\/strong><\/p>\n<p>El municipio de Proen\u00e7a-a-Nova tiene un rico paisaje y cultura para preservar. El ayuntamiento de Proen\u00e7a-a-Nova organiza regularmente recorridos a pie. Verifique la categor\u00eda de Deportes en el calendario cultural para saber cu\u00e1ndo ser\u00e1 la pr\u00f3xima vez.<\/p>\n<p><strong> Forest Living Science Centre <\/strong><\/p>\n<p>El Centro de Ciencias Vivas del Condado est\u00e1 ubicado en Moitas, al lado del campo de aviaci\u00f3n. Este lugar ofrece al visitante, adem\u00e1s de un agradable espacio al aire libre, una exposici\u00f3n y diversas actividades experimentales. Haga una visita y descubra qu\u00e9 hay ahora.<\/p>\n<p><strong> Paracaidismo <\/strong><\/p>\n<p>Si quieres tener una peque\u00f1a aventura, ve al centro de paracaidismo en el aer\u00f3dromo de Moitas. Si desea experimentar la emoci\u00f3n de saltar de un avi\u00f3n, le recomendamos que reserve con anticipaci\u00f3n.<\/p>\n<p><strong> Deportes extremos <\/strong><\/p>\n<p>El \u00e1rea circundante ofrece un gran potencial para deportes de aventura, ciclismo de monta\u00f1a o excursiones TT y otras actividades al aire libre como pesca, pirag\u00fcismo, escalada y rappel. Descubre la categor\u00eda de Agenda Cultural Deportiva y los circuitos de ciclismo de monta\u00f1a.<\/p>\n<\/div>\n<p> <button class=\"expande\" data-toggle=\"collapse\" data-target=\"#demo3\"> <\/p>\n<h2>Restaurantes<\/h2>\n<p> <\/button><\/p>\n<div id=\"demo3\" class=\"collapse\">\n<p>En Sobreira Formosa, el pueblo m\u00e1s cercano, encontrar\u00e1 restaurantes. En Proen\u00e7a-a-Nova, la cabecera del condado, tambi\u00e9n puede encontrar varios establecimientos donde puede degustar platos regionales, destaca Tasc\u00e1. En el pueblo de Figueira encontrar\u00e1s un restaurante t\u00edpico que vale la pena visitar. En cada casa encontrar\u00e1 m\u00e1s informaci\u00f3n sobre los restaurantes de la zona.<\/p>\n<\/div>\n<p> <button class=\"expande\" data-toggle=\"collapse\" data-target=\"#demo4\"> <\/p>\n<h2> Animaci\u00f3n <\/h2>\n<p> <\/button><\/p>\n<div id=\"demo4\" class=\"collapse\">\n<p><strong>  Bares \/ Discotecas  <\/strong><\/p>\n<p>El lugar m\u00e1s cercano es el bar Praia da Fr\u00f3ia, donde se puede pasear. En Sobreira Formosa tambi\u00e9n encontrar\u00e1 cafeter\u00edas \/ bares y en Proen\u00e7a-a-Nova, bonitos espacios abiertos m\u00e1s tarde. La ciudad de Sert\u00e3 es siempre una alternativa para extender una noche animada.<\/p>\n<p><strong>Agenda Cultural<\/strong><\/p>\n<p>Descubra en el sitio web del municipio de Proen\u00e7a-a-Nova lo que el condado tiene para ofrecerle este mes\u2026<\/p>\n<p>&nbsp;<\/p>\n<table border=\"0\" width=\"590\" cellspacing=\"0\" cellpadding=\"0\">\n<tbody>\n<tr valign=\"top\">\n<td align=\"left\" valign=\"top\" width=\"424\">\n<p class=\"style1 verde\"><span class=\"bold\"><strong> Mesa de fiestas y peregrinaciones  <\/strong> <\/span><\/p>\n<\/td>\n<\/tr>\n<tr valign=\"top\">\n<td colspan=\"3\">\n<table border=\"1\" width=\"100%\" cellspacing=\"0\" cellpadding=\"2\">\n<tbody>\n<tr>\n<td class=\"bold\">Fiesta<\/td>\n<td class=\"bold\">Lugar<\/td>\n<td class=\"bold\">Fecha<\/td>\n<\/tr>\n<tr>\n<td>Nossa Senhora da Ajuda<\/td>\n<td>Lameira d&#8217;Ordem<\/td>\n<td>Semana de pascua<\/td>\n<\/tr>\n<tr>\n<td>S. Gens<\/td>\n<td>Moitas<\/td>\n<td> Fin de semana despu\u00e9s de Pascua <\/td>\n<\/tr>\n<tr>\n<td>S. Marcos<\/td>\n<td>Pergulho<\/td>\n<td> \u00daltimo fin de semana de abril <\/td>\n<\/tr>\n<tr>\n<td>S. Tiago Menor<\/td>\n<td>Peral<\/td>\n<td>1er fin de semana de mayo <\/td>\n<\/tr>\n<tr>\n<td>Sto. Ant\u00f3nio<\/td>\n<td>Proen\u00e7a-a-Nova<\/td>\n<td> 13 de junio <\/td>\n<\/tr>\n<tr>\n<td>Nossa Senhora de F\u00e1tima<\/td>\n<td>Pedra do Altar<\/td>\n<td> 1er fin de semana de junio <\/td>\n<\/tr>\n<tr>\n<td>Nossa Senhora do Carmo<\/td>\n<td>Corgas<\/td>\n<td> Julio <\/td>\n<\/tr>\n<tr>\n<td>Nossa Senhora de F\u00e1tima<\/td>\n<td>Verg\u00e3o<\/td>\n<td> Julio <\/td>\n<\/tr>\n<tr>\n<td>Nossa Senhora da Boa Nova<\/td>\n<td>Sarzedinha<\/td>\n<td> \u00daltimo fin de semana de julio <\/td>\n<\/tr>\n<tr>\n<td>Sta. Isabel<\/td>\n<td>Malhadal<\/td>\n<td> Agosto<\/td>\n<\/tr>\n<tr>\n<td>Nossa Senhora da Piedade<\/td>\n<td>Vale d&#8217;\u00c1gua<\/td>\n<td> Agosto<\/td>\n<\/tr>\n<tr>\n<td>Nossa Senhora das Dores<\/td>\n<td>Cimadas<\/td>\n<td> Agosto<\/td>\n<\/tr>\n<tr>\n<td>S. Miguel<\/td>\n<td>Eiras<\/td>\n<td> 29 de septiembre <\/td>\n<\/tr>\n<\/tbody>\n<\/table>\n<\/td>\n<\/tr>\n<\/tbody>\n<\/table>\n<\/div>\n","protected":false},"excerpt":{"rendered":"<p>El condado de Proen\u00e7a-a-Nova presenta un gran potencial en el turismo. El tan buscado turismo en el paisaje rural tiene [&hellip;]<\/p>\n","protected":false},"author":1,"featured_media":0,"parent":0,"menu_order":0,"comment_status":"closed","ping_status":"closed","template":"","meta":{"_acf_changed":false,"footnotes":""},"class_list":["post-473","page","type-page","status-publish","hentry"],"acf":[],"_links":{"self":[{"href":"https:\/\/www.aldeiaoliveiras.com\/es\/wp-json\/wp\/v2\/pages\/473","targetHints":{"allow":["GET"]}}],"collection":[{"href":"https:\/\/www.aldeiaoliveiras.com\/es\/wp-json\/wp\/v2\/pages"}],"about":[{"href":"https:\/\/www.aldeiaoliveiras.com\/es\/wp-json\/wp\/v2\/types\/page"}],"author":[{"embeddable":true,"href":"https:\/\/www.aldeiaoliveiras.com\/es\/wp-json\/wp\/v2\/users\/1"}],"replies":[{"embeddable":true,"href":"https:\/\/www.aldeiaoliveiras.com\/es\/wp-json\/wp\/v2\/comments?post=473"}],"version-history":[{"count":64,"href":"https:\/\/www.aldeiaoliveiras.com\/es\/wp-json\/wp\/v2\/pages\/473\/revisions"}],"predecessor-version":[{"id":807,"href":"https:\/\/www.aldeiaoliveiras.com\/es\/wp-json\/wp\/v2\/pages\/473\/revisions\/807"}],"wp:attachment":[{"href":"https:\/\/www.aldeiaoliveiras.com\/es\/wp-json\/wp\/v2\/media?parent=473"}],"curies":[{"name":"wp","href":"https:\/\/api.w.org\/{rel}","templated":true}]}}