{"id":471,"date":"2019-04-04T13:33:24","date_gmt":"2019-04-04T13:33:24","guid":{"rendered":"http:\/\/www.test2.test\/?page_id=471"},"modified":"2020-10-05T15:12:36","modified_gmt":"2020-10-05T15:12:36","slug":"maisons","status":"publish","type":"page","link":"https:\/\/www.aldeiaoliveiras.com\/fr\/maisons\/","title":{"rendered":"Maisons"},"content":{"rendered":"<p>\t\t\t\tApresentamos uma variedade de casas para lhe proporcionar um c\u00f3modo alojamento em OLIVEIRAS.<\/p>\n<p>As casas foram cuidadosamente recuperadas, conservando, no entanto, todas as suas caracter\u00edsticas antigas. Cada uma delas tem a sua particularidade, existindo decora\u00e7\u00f5es para todos os gostos.<\/p>\n<p>Estas casas s\u00e3o, sem d\u00favida, sin\u00f3nimo de beleza, tranquilidade e harmonia para um contacto mais pr\u00f3ximo com a natureza, longe da agita\u00e7\u00e3o das grandes cidades.<\/p>\n<p>Existe, tamb\u00e9m, uma piscina particular acess\u00edvel a todos os clientes.<\/p>\n<p>A estadia n\u00e3o inclui pequeno almo\u00e7o, mas deixamos uma oferta de boas vindas com alguns produtos. Disponibilizamos, para quem pretenda, azeite das oliveiras de OLIVEIRAS, medronho da zona e alguma lenha.<\/p>\n<p>*Nesta fase inicial do empreendimento, s\u00f3 se aceitam reservas a partir de 2 noites (inclusiv\u00e9).<\/p>\n<p>*Informamos que, usualmente, o per\u00edodo de check-in \u00e9 ap\u00f3s as 16h00 e at\u00e9 \u00e0s 23h00 e o check-out se efectua at\u00e9 \u00e0s 12h00.<\/p>\n<p>*N\u00e3o s\u00e3o permitidos animais de estima\u00e7\u00e3o.<\/p>\n<p>*DORME 4 NOITES E PAGA 3! (v\u00e1lido de segunda a quinta-feira, durante a \u00e9poca baixa) \t\t<\/p>\n","protected":false},"excerpt":{"rendered":"<p>Apresentamos uma variedade de casas para lhe proporcionar um c\u00f3modo alojamento em OLIVEIRAS. As casas foram cuidadosamente recuperadas, conservando, no [&hellip;]<\/p>\n","protected":false},"author":1,"featured_media":0,"parent":0,"menu_order":0,"comment_status":"closed","ping_status":"closed","template":"page-casas.php","meta":{"_acf_changed":false,"footnotes":""},"class_list":["post-471","page","type-page","status-publish","hentry"],"acf":[],"_links":{"self":[{"href":"https:\/\/www.aldeiaoliveiras.com\/fr\/wp-json\/wp\/v2\/pages\/471","targetHints":{"allow":["GET"]}}],"collection":[{"href":"https:\/\/www.aldeiaoliveiras.com\/fr\/wp-json\/wp\/v2\/pages"}],"about":[{"href":"https:\/\/www.aldeiaoliveiras.com\/fr\/wp-json\/wp\/v2\/types\/page"}],"author":[{"embeddable":true,"href":"https:\/\/www.aldeiaoliveiras.com\/fr\/wp-json\/wp\/v2\/users\/1"}],"replies":[{"embeddable":true,"href":"https:\/\/www.aldeiaoliveiras.com\/fr\/wp-json\/wp\/v2\/comments?post=471"}],"version-history":[{"count":1,"href":"https:\/\/www.aldeiaoliveiras.com\/fr\/wp-json\/wp\/v2\/pages\/471\/revisions"}],"predecessor-version":[{"id":849,"href":"https:\/\/www.aldeiaoliveiras.com\/fr\/wp-json\/wp\/v2\/pages\/471\/revisions\/849"}],"wp:attachment":[{"href":"https:\/\/www.aldeiaoliveiras.com\/fr\/wp-json\/wp\/v2\/media?parent=471"}],"curies":[{"name":"wp","href":"https:\/\/api.w.org\/{rel}","templated":true}]}}