{"id":483,"date":"2019-04-04T13:40:45","date_gmt":"2019-04-04T13:40:45","guid":{"rendered":"http:\/\/www.test2.test\/?page_id=483"},"modified":"2020-10-05T15:08:01","modified_gmt":"2020-10-05T15:08:01","slug":"regulation","status":"publish","type":"page","link":"https:\/\/www.aldeiaoliveiras.com\/fr\/regulation\/","title":{"rendered":"R\u00e9gulation"},"content":{"rendered":"<p>Conhe\u00e7a ainda os livros de informa\u00e7\u00e3o Aldeia Oliveiras:<\/p>\n<p><a href=\"http:\/\/www.aldeiaoliveiras.com\/fr\/wp-content\/uploads\/2019\/09\/LivroInformacoesAL.pdf\" target=\"_blank\" rel=\"noopener noreferrer\"> Portugu\u00eas<\/a><\/p>\n<p><a href=\"http:\/\/www.aldeiaoliveiras.com\/fr\/wp-content\/uploads\/2019\/09\/LivroInformacoesIngles.pdf\" target=\"_blank\" rel=\"noopener noreferrer\">English<\/a><\/p>\n<p><a href=\"http:\/\/www.aldeiaoliveiras.com\/fr\/wp-content\/uploads\/2019\/09\/LivroInformacoesFrances.pdf\" target=\"_blank\" rel=\"noopener noreferrer\">Fran\u00e7ais<\/a><\/p>\n<p><a href=\"http:\/\/www.aldeiaoliveiras.com\/fr\/wp-content\/uploads\/2019\/09\/LivroInformacoesEspanhol.pdf\" target=\"_blank\" rel=\"noopener noreferrer\">Espanol<\/a><\/p>\n","protected":false},"excerpt":{"rendered":"<p>Conhe\u00e7a ainda os livros de informa\u00e7\u00e3o Aldeia Oliveiras: Portugu\u00eas English Fran\u00e7ais Espanol<\/p>\n","protected":false},"author":1,"featured_media":0,"parent":0,"menu_order":0,"comment_status":"closed","ping_status":"closed","template":"","meta":{"_acf_changed":false,"footnotes":""},"class_list":["post-483","page","type-page","status-publish","hentry"],"acf":[],"_links":{"self":[{"href":"https:\/\/www.aldeiaoliveiras.com\/fr\/wp-json\/wp\/v2\/pages\/483","targetHints":{"allow":["GET"]}}],"collection":[{"href":"https:\/\/www.aldeiaoliveiras.com\/fr\/wp-json\/wp\/v2\/pages"}],"about":[{"href":"https:\/\/www.aldeiaoliveiras.com\/fr\/wp-json\/wp\/v2\/types\/page"}],"author":[{"embeddable":true,"href":"https:\/\/www.aldeiaoliveiras.com\/fr\/wp-json\/wp\/v2\/users\/1"}],"replies":[{"embeddable":true,"href":"https:\/\/www.aldeiaoliveiras.com\/fr\/wp-json\/wp\/v2\/comments?post=483"}],"version-history":[{"count":11,"href":"https:\/\/www.aldeiaoliveiras.com\/fr\/wp-json\/wp\/v2\/pages\/483\/revisions"}],"predecessor-version":[{"id":851,"href":"https:\/\/www.aldeiaoliveiras.com\/fr\/wp-json\/wp\/v2\/pages\/483\/revisions\/851"}],"wp:attachment":[{"href":"https:\/\/www.aldeiaoliveiras.com\/fr\/wp-json\/wp\/v2\/media?parent=483"}],"curies":[{"name":"wp","href":"https:\/\/api.w.org\/{rel}","templated":true}]}}